{"id":98,"date":"2019-01-06T12:35:02","date_gmt":"2019-01-06T11:35:02","guid":{"rendered":"http:\/\/nszzfipw.slask.pl\/?page_id=98"},"modified":"2019-01-06T12:48:23","modified_gmt":"2019-01-06T11:48:23","slug":"kontakt","status":"publish","type":"page","link":"https:\/\/nszzfipw.slask.pl\/?page_id=98","title":{"rendered":"Kontakt"},"content":{"rendered":"\n<table class=\"wp-block-table aligncenter is-style-stripes\"><tbody><tr><td><br>Zarz\u0105d Okr\u0119gowy NSZZ FiPW w Katowicach<br>ul. Miko\u0142owska 10A<br>40-950 Katowice<br>NIP 6342740111<br> zo.nszzfipw.katowice@gmail.com <\/td><td> \n<div class=\"wpcf7 no-js\" id=\"wpcf7-f36-o1\" lang=\"pl-PL\" dir=\"ltr\">\n<div class=\"screen-reader-response\"><p role=\"status\" aria-live=\"polite\" aria-atomic=\"true\"><\/p> <ul><\/ul><\/div>\n<form action=\"\/index.php?rest_route=%2Fwp%2Fv2%2Fpages%2F98#wpcf7-f36-o1\" method=\"post\" class=\"wpcf7-form init\" aria-label=\"Formularz kontaktowy\" novalidate=\"novalidate\" data-status=\"init\">\n<div style=\"display: none;\">\n<input type=\"hidden\" name=\"_wpcf7\" value=\"36\" \/>\n<input type=\"hidden\" name=\"_wpcf7_version\" value=\"5.8.7\" \/>\n<input type=\"hidden\" name=\"_wpcf7_locale\" value=\"pl_PL\" \/>\n<input type=\"hidden\" name=\"_wpcf7_unit_tag\" value=\"wpcf7-f36-o1\" \/>\n<input type=\"hidden\" name=\"_wpcf7_container_post\" value=\"0\" \/>\n<input type=\"hidden\" name=\"_wpcf7_posted_data_hash\" value=\"\" \/>\n<\/div>\n<p><label> Imi\u0119 i nazwisko (wymagane)<br \/>\n<span class=\"wpcf7-form-control-wrap\" data-name=\"your-name\"><input size=\"40\" class=\"wpcf7-form-control wpcf7-text wpcf7-validates-as-required\" aria-required=\"true\" aria-invalid=\"false\" value=\"\" type=\"text\" name=\"your-name\" \/><\/span> <\/label>\n<\/p>\n<p><label> Adres email (wymagane)<br \/>\n<span class=\"wpcf7-form-control-wrap\" data-name=\"your-email\"><input size=\"40\" class=\"wpcf7-form-control wpcf7-email wpcf7-validates-as-required wpcf7-text wpcf7-validates-as-email\" aria-required=\"true\" aria-invalid=\"false\" value=\"\" type=\"email\" name=\"your-email\" \/><\/span> <\/label>\n<\/p>\n<p><label> Temat<br \/>\n<span class=\"wpcf7-form-control-wrap\" data-name=\"your-subject\"><input size=\"40\" class=\"wpcf7-form-control wpcf7-text\" aria-invalid=\"false\" value=\"\" type=\"text\" name=\"your-subject\" \/><\/span> <\/label>\n<\/p>\n<p><label> Tre\u015b\u0107 wiadomo\u015bci<br \/>\n<span class=\"wpcf7-form-control-wrap\" data-name=\"your-message\"><textarea cols=\"40\" rows=\"10\" class=\"wpcf7-form-control wpcf7-textarea\" aria-invalid=\"false\" name=\"your-message\"><\/textarea><\/span> <\/label>\n<\/p>\n<p><input class=\"wpcf7-form-control wpcf7-submit has-spinner\" type=\"submit\" value=\"Wy\u015blij\" \/>\n<\/p><p style=\"display: none !important;\" class=\"akismet-fields-container\" data-prefix=\"_wpcf7_ak_\"><label>&#916;<textarea name=\"_wpcf7_ak_hp_textarea\" cols=\"45\" rows=\"8\" maxlength=\"100\"><\/textarea><\/label><input type=\"hidden\" id=\"ak_js_1\" name=\"_wpcf7_ak_js\" value=\"54\"\/><script>document.getElementById( \"ak_js_1\" ).setAttribute( \"value\", ( new Date() ).getTime() );<\/script><\/p><div class=\"wpcf7-response-output\" aria-hidden=\"true\"><\/div>\n<\/form>\n<\/div>\n <\/td><\/tr><tr><td><\/td><td><\/td><\/tr><\/tbody><\/table>\n\n\n\n<p><\/p>\n\n\n\n<p><\/p>\n\n\n","protected":false},"excerpt":{"rendered":"<p>Zarz\u0105d Okr\u0119gowy NSZZ FiPW w Katowicachul. Miko\u0142owska 10A40-950 KatowiceNIP 6342740111 zo.nszzfipw.katowice@gmail.com<\/p>\n","protected":false},"author":1,"featured_media":0,"parent":0,"menu_order":0,"comment_status":"closed","ping_status":"closed","template":"","meta":{"ngg_post_thumbnail":0},"yoast_head":"<!-- This site is optimized with the Yoast SEO plugin v21.8.1 - https:\/\/yoast.com\/wordpress\/plugins\/seo\/ -->\n<title>Kontakt - NSZZ FiPW<\/title>\n<meta name=\"robots\" content=\"index, follow, max-snippet:-1, max-image-preview:large, max-video-preview:-1\" \/>\n<link rel=\"canonical\" href=\"https:\/\/nszzfipw.slask.pl\/?page_id=98\" \/>\n<meta property=\"og:locale\" content=\"pl_PL\" \/>\n<meta property=\"og:type\" content=\"article\" \/>\n<meta property=\"og:title\" content=\"Kontakt - NSZZ FiPW\" \/>\n<meta property=\"og:description\" content=\"Zarz\u0105d Okr\u0119gowy NSZZ FiPW w Katowicachul. Miko\u0142owska 10A40-950 KatowiceNIP 6342740111 zo.nszzfipw.katowice@gmail.com\" \/>\n<meta property=\"og:url\" content=\"https:\/\/nszzfipw.slask.pl\/?page_id=98\" \/>\n<meta property=\"og:site_name\" content=\"NSZZ FiPW\" \/>\n<meta property=\"article:modified_time\" content=\"2019-01-06T11:48:23+00:00\" \/>\n<meta name=\"twitter:card\" content=\"summary_large_image\" \/>\n<script type=\"application\/ld+json\" class=\"yoast-schema-graph\">{\"@context\":\"https:\/\/schema.org\",\"@graph\":[{\"@type\":\"WebPage\",\"@id\":\"https:\/\/nszzfipw.slask.pl\/?page_id=98\",\"url\":\"https:\/\/nszzfipw.slask.pl\/?page_id=98\",\"name\":\"Kontakt - NSZZ FiPW\",\"isPartOf\":{\"@id\":\"https:\/\/nszzfipw.slask.pl\/#website\"},\"datePublished\":\"2019-01-06T11:35:02+00:00\",\"dateModified\":\"2019-01-06T11:48:23+00:00\",\"breadcrumb\":{\"@id\":\"https:\/\/nszzfipw.slask.pl\/?page_id=98#breadcrumb\"},\"inLanguage\":\"pl-PL\",\"potentialAction\":[{\"@type\":\"ReadAction\",\"target\":[\"https:\/\/nszzfipw.slask.pl\/?page_id=98\"]}]},{\"@type\":\"BreadcrumbList\",\"@id\":\"https:\/\/nszzfipw.slask.pl\/?page_id=98#breadcrumb\",\"itemListElement\":[{\"@type\":\"ListItem\",\"position\":1,\"name\":\"Strona g\u0142\u00f3wna\",\"item\":\"https:\/\/nszzfipw.slask.pl\/\"},{\"@type\":\"ListItem\",\"position\":2,\"name\":\"Kontakt\"}]},{\"@type\":\"WebSite\",\"@id\":\"https:\/\/nszzfipw.slask.pl\/#website\",\"url\":\"https:\/\/nszzfipw.slask.pl\/\",\"name\":\"NSZZ FiPW\",\"description\":\"Zarz\u0105d Okr\u0119gowy w Katowicach\",\"publisher\":{\"@id\":\"https:\/\/nszzfipw.slask.pl\/#organization\"},\"potentialAction\":[{\"@type\":\"SearchAction\",\"target\":{\"@type\":\"EntryPoint\",\"urlTemplate\":\"https:\/\/nszzfipw.slask.pl\/?s={search_term_string}\"},\"query-input\":\"required name=search_term_string\"}],\"inLanguage\":\"pl-PL\"},{\"@type\":\"Organization\",\"@id\":\"https:\/\/nszzfipw.slask.pl\/#organization\",\"name\":\"NSZZ FiPW ZO Katowice\",\"url\":\"https:\/\/nszzfipw.slask.pl\/\",\"logo\":{\"@type\":\"ImageObject\",\"inLanguage\":\"pl-PL\",\"@id\":\"https:\/\/nszzfipw.slask.pl\/#\/schema\/logo\/image\/\",\"url\":\"http:\/\/nszzfipw.slask.pl\/wp-content\/uploads\/2019\/01\/logo.jpg\",\"contentUrl\":\"http:\/\/nszzfipw.slask.pl\/wp-content\/uploads\/2019\/01\/logo.jpg\",\"width\":888,\"height\":728,\"caption\":\"NSZZ FiPW ZO Katowice\"},\"image\":{\"@id\":\"https:\/\/nszzfipw.slask.pl\/#\/schema\/logo\/image\/\"}}]}<\/script>\n<!-- \/ Yoast SEO plugin. -->","yoast_head_json":{"title":"Kontakt - NSZZ FiPW","robots":{"index":"index","follow":"follow","max-snippet":"max-snippet:-1","max-image-preview":"max-image-preview:large","max-video-preview":"max-video-preview:-1"},"canonical":"https:\/\/nszzfipw.slask.pl\/?page_id=98","og_locale":"pl_PL","og_type":"article","og_title":"Kontakt - NSZZ FiPW","og_description":"Zarz\u0105d Okr\u0119gowy NSZZ FiPW w Katowicachul. Miko\u0142owska 10A40-950 KatowiceNIP 6342740111 zo.nszzfipw.katowice@gmail.com","og_url":"https:\/\/nszzfipw.slask.pl\/?page_id=98","og_site_name":"NSZZ FiPW","article_modified_time":"2019-01-06T11:48:23+00:00","twitter_card":"summary_large_image","schema":{"@context":"https:\/\/schema.org","@graph":[{"@type":"WebPage","@id":"https:\/\/nszzfipw.slask.pl\/?page_id=98","url":"https:\/\/nszzfipw.slask.pl\/?page_id=98","name":"Kontakt - NSZZ FiPW","isPartOf":{"@id":"https:\/\/nszzfipw.slask.pl\/#website"},"datePublished":"2019-01-06T11:35:02+00:00","dateModified":"2019-01-06T11:48:23+00:00","breadcrumb":{"@id":"https:\/\/nszzfipw.slask.pl\/?page_id=98#breadcrumb"},"inLanguage":"pl-PL","potentialAction":[{"@type":"ReadAction","target":["https:\/\/nszzfipw.slask.pl\/?page_id=98"]}]},{"@type":"BreadcrumbList","@id":"https:\/\/nszzfipw.slask.pl\/?page_id=98#breadcrumb","itemListElement":[{"@type":"ListItem","position":1,"name":"Strona g\u0142\u00f3wna","item":"https:\/\/nszzfipw.slask.pl\/"},{"@type":"ListItem","position":2,"name":"Kontakt"}]},{"@type":"WebSite","@id":"https:\/\/nszzfipw.slask.pl\/#website","url":"https:\/\/nszzfipw.slask.pl\/","name":"NSZZ FiPW","description":"Zarz\u0105d Okr\u0119gowy w Katowicach","publisher":{"@id":"https:\/\/nszzfipw.slask.pl\/#organization"},"potentialAction":[{"@type":"SearchAction","target":{"@type":"EntryPoint","urlTemplate":"https:\/\/nszzfipw.slask.pl\/?s={search_term_string}"},"query-input":"required name=search_term_string"}],"inLanguage":"pl-PL"},{"@type":"Organization","@id":"https:\/\/nszzfipw.slask.pl\/#organization","name":"NSZZ FiPW ZO Katowice","url":"https:\/\/nszzfipw.slask.pl\/","logo":{"@type":"ImageObject","inLanguage":"pl-PL","@id":"https:\/\/nszzfipw.slask.pl\/#\/schema\/logo\/image\/","url":"http:\/\/nszzfipw.slask.pl\/wp-content\/uploads\/2019\/01\/logo.jpg","contentUrl":"http:\/\/nszzfipw.slask.pl\/wp-content\/uploads\/2019\/01\/logo.jpg","width":888,"height":728,"caption":"NSZZ FiPW ZO Katowice"},"image":{"@id":"https:\/\/nszzfipw.slask.pl\/#\/schema\/logo\/image\/"}}]}},"_links":{"self":[{"href":"https:\/\/nszzfipw.slask.pl\/index.php?rest_route=\/wp\/v2\/pages\/98"}],"collection":[{"href":"https:\/\/nszzfipw.slask.pl\/index.php?rest_route=\/wp\/v2\/pages"}],"about":[{"href":"https:\/\/nszzfipw.slask.pl\/index.php?rest_route=\/wp\/v2\/types\/page"}],"author":[{"embeddable":true,"href":"https:\/\/nszzfipw.slask.pl\/index.php?rest_route=\/wp\/v2\/users\/1"}],"replies":[{"embeddable":true,"href":"https:\/\/nszzfipw.slask.pl\/index.php?rest_route=%2Fwp%2Fv2%2Fcomments&post=98"}],"version-history":[{"count":5,"href":"https:\/\/nszzfipw.slask.pl\/index.php?rest_route=\/wp\/v2\/pages\/98\/revisions"}],"predecessor-version":[{"id":110,"href":"https:\/\/nszzfipw.slask.pl\/index.php?rest_route=\/wp\/v2\/pages\/98\/revisions\/110"}],"wp:attachment":[{"href":"https:\/\/nszzfipw.slask.pl\/index.php?rest_route=%2Fwp%2Fv2%2Fmedia&parent=98"}],"curies":[{"name":"wp","href":"https:\/\/api.w.org\/{rel}","templated":true}]}}