{"id":19,"date":"2019-01-04T06:52:04","date_gmt":"2019-01-04T05:52:04","guid":{"rendered":"http:\/\/nszzfipw.slask.pl\/?page_id=19"},"modified":"2020-09-16T06:27:52","modified_gmt":"2020-09-16T04:27:52","slug":"zarzad-okregowy","status":"publish","type":"page","link":"https:\/\/nszzfipw.slask.pl\/?page_id=19","title":{"rendered":"Zarz\u0105d Okr\u0119gowy"},"content":{"rendered":"\n<p>Tomasz Walaszczyk<br>Przewodnicz\u0105cy ZO, ZK Zabrze, <br>tel: 603 772 746,<br> e-mail: tomasz.zokatowice@o2.pl<\/p>\n\n\n\n<p>Stanis\u0142aw Bajger<br>Sekretarz\/Skarbnik ZO, ZK Cieszyn, <br><\/p>\n\n\n\n<p>\u0141ukasz Osuch<br>Cz\u0142onek Prezydium ZO, A\u015a Katowice, <\/p>\n\n\n\n<p>Jacek Da\u0144czak <br>Wiceprzewodnicz\u0105cy ZO, A\u015a Mys\u0142owice.<\/p>\n\n\n\n<p>Karol Odjas<br>Wiceprzewodnicz\u0105cy ZO, ZK Wojkowice + OZ Ci\u0105gowice.<br> <\/p>\n\n\n\n<p>\n\nAdres e \u2013 mail ZO: zo.nszzfipw.katowice@gmail.com<br> Numer konta bankowego ZO: 39 1050 1214 1000 0090 3040 8406\n\n<\/p>\n","protected":false},"excerpt":{"rendered":"<p>Tomasz WalaszczykPrzewodnicz\u0105cy ZO, ZK Zabrze, tel: 603 772 746, e-mail: tomasz.zokatowice@o2.pl Stanis\u0142aw BajgerSekretarz\/Skarbnik ZO, ZK Cieszyn, \u0141ukasz OsuchCz\u0142onek Prezydium ZO, A\u015a Katowice, Jacek Da\u0144czak Wiceprzewodnicz\u0105cy ZO, A\u015a Mys\u0142owice. Karol OdjasWiceprzewodnicz\u0105cy ZO, ZK Wojkowice + OZ Ci\u0105gowice. Adres e \u2013 mail ZO: zo.nszzfipw.katowice@gmail.com Numer konta bankowego ZO: 39 1050 1214 1000 0090 3040 8406<\/p>\n","protected":false},"author":1,"featured_media":0,"parent":0,"menu_order":0,"comment_status":"closed","ping_status":"closed","template":"","meta":{"ngg_post_thumbnail":0},"yoast_head":"<!-- This site is optimized with the Yoast SEO plugin v21.8.1 - https:\/\/yoast.com\/wordpress\/plugins\/seo\/ -->\n<title>Zarz\u0105d Okr\u0119gowy - NSZZ FiPW<\/title>\n<meta name=\"robots\" content=\"index, follow, max-snippet:-1, max-image-preview:large, max-video-preview:-1\" \/>\n<link rel=\"canonical\" href=\"https:\/\/nszzfipw.slask.pl\/?page_id=19\" \/>\n<meta property=\"og:locale\" content=\"pl_PL\" \/>\n<meta property=\"og:type\" content=\"article\" \/>\n<meta property=\"og:title\" content=\"Zarz\u0105d Okr\u0119gowy - NSZZ FiPW\" \/>\n<meta property=\"og:description\" content=\"Tomasz WalaszczykPrzewodnicz\u0105cy ZO, ZK Zabrze, tel: 603 772 746, e-mail: tomasz.zokatowice@o2.pl Stanis\u0142aw BajgerSekretarz\/Skarbnik ZO, ZK Cieszyn, \u0141ukasz OsuchCz\u0142onek Prezydium ZO, A\u015a Katowice, Jacek Da\u0144czak Wiceprzewodnicz\u0105cy ZO, A\u015a Mys\u0142owice. Karol OdjasWiceprzewodnicz\u0105cy ZO, ZK Wojkowice + OZ Ci\u0105gowice. Adres e \u2013 mail ZO: zo.nszzfipw.katowice@gmail.com Numer konta bankowego ZO: 39 1050 1214 1000 0090 3040 8406\" \/>\n<meta property=\"og:url\" content=\"https:\/\/nszzfipw.slask.pl\/?page_id=19\" \/>\n<meta property=\"og:site_name\" content=\"NSZZ FiPW\" \/>\n<meta property=\"article:modified_time\" content=\"2020-09-16T04:27:52+00:00\" \/>\n<meta name=\"twitter:card\" content=\"summary_large_image\" \/>\n<script type=\"application\/ld+json\" class=\"yoast-schema-graph\">{\"@context\":\"https:\/\/schema.org\",\"@graph\":[{\"@type\":\"WebPage\",\"@id\":\"https:\/\/nszzfipw.slask.pl\/?page_id=19\",\"url\":\"https:\/\/nszzfipw.slask.pl\/?page_id=19\",\"name\":\"Zarz\u0105d Okr\u0119gowy - NSZZ FiPW\",\"isPartOf\":{\"@id\":\"https:\/\/nszzfipw.slask.pl\/#website\"},\"datePublished\":\"2019-01-04T05:52:04+00:00\",\"dateModified\":\"2020-09-16T04:27:52+00:00\",\"breadcrumb\":{\"@id\":\"https:\/\/nszzfipw.slask.pl\/?page_id=19#breadcrumb\"},\"inLanguage\":\"pl-PL\",\"potentialAction\":[{\"@type\":\"ReadAction\",\"target\":[\"https:\/\/nszzfipw.slask.pl\/?page_id=19\"]}]},{\"@type\":\"BreadcrumbList\",\"@id\":\"https:\/\/nszzfipw.slask.pl\/?page_id=19#breadcrumb\",\"itemListElement\":[{\"@type\":\"ListItem\",\"position\":1,\"name\":\"Strona g\u0142\u00f3wna\",\"item\":\"https:\/\/nszzfipw.slask.pl\/\"},{\"@type\":\"ListItem\",\"position\":2,\"name\":\"Zarz\u0105d Okr\u0119gowy\"}]},{\"@type\":\"WebSite\",\"@id\":\"https:\/\/nszzfipw.slask.pl\/#website\",\"url\":\"https:\/\/nszzfipw.slask.pl\/\",\"name\":\"NSZZ FiPW\",\"description\":\"Zarz\u0105d Okr\u0119gowy w Katowicach\",\"publisher\":{\"@id\":\"https:\/\/nszzfipw.slask.pl\/#organization\"},\"potentialAction\":[{\"@type\":\"SearchAction\",\"target\":{\"@type\":\"EntryPoint\",\"urlTemplate\":\"https:\/\/nszzfipw.slask.pl\/?s={search_term_string}\"},\"query-input\":\"required name=search_term_string\"}],\"inLanguage\":\"pl-PL\"},{\"@type\":\"Organization\",\"@id\":\"https:\/\/nszzfipw.slask.pl\/#organization\",\"name\":\"NSZZ FiPW ZO Katowice\",\"url\":\"https:\/\/nszzfipw.slask.pl\/\",\"logo\":{\"@type\":\"ImageObject\",\"inLanguage\":\"pl-PL\",\"@id\":\"https:\/\/nszzfipw.slask.pl\/#\/schema\/logo\/image\/\",\"url\":\"http:\/\/nszzfipw.slask.pl\/wp-content\/uploads\/2019\/01\/logo.jpg\",\"contentUrl\":\"http:\/\/nszzfipw.slask.pl\/wp-content\/uploads\/2019\/01\/logo.jpg\",\"width\":888,\"height\":728,\"caption\":\"NSZZ FiPW ZO Katowice\"},\"image\":{\"@id\":\"https:\/\/nszzfipw.slask.pl\/#\/schema\/logo\/image\/\"}}]}<\/script>\n<!-- \/ Yoast SEO plugin. -->","yoast_head_json":{"title":"Zarz\u0105d Okr\u0119gowy - NSZZ FiPW","robots":{"index":"index","follow":"follow","max-snippet":"max-snippet:-1","max-image-preview":"max-image-preview:large","max-video-preview":"max-video-preview:-1"},"canonical":"https:\/\/nszzfipw.slask.pl\/?page_id=19","og_locale":"pl_PL","og_type":"article","og_title":"Zarz\u0105d Okr\u0119gowy - NSZZ FiPW","og_description":"Tomasz WalaszczykPrzewodnicz\u0105cy ZO, ZK Zabrze, tel: 603 772 746, e-mail: tomasz.zokatowice@o2.pl Stanis\u0142aw BajgerSekretarz\/Skarbnik ZO, ZK Cieszyn, \u0141ukasz OsuchCz\u0142onek Prezydium ZO, A\u015a Katowice, Jacek Da\u0144czak Wiceprzewodnicz\u0105cy ZO, A\u015a Mys\u0142owice. Karol OdjasWiceprzewodnicz\u0105cy ZO, ZK Wojkowice + OZ Ci\u0105gowice. Adres e \u2013 mail ZO: zo.nszzfipw.katowice@gmail.com Numer konta bankowego ZO: 39 1050 1214 1000 0090 3040 8406","og_url":"https:\/\/nszzfipw.slask.pl\/?page_id=19","og_site_name":"NSZZ FiPW","article_modified_time":"2020-09-16T04:27:52+00:00","twitter_card":"summary_large_image","schema":{"@context":"https:\/\/schema.org","@graph":[{"@type":"WebPage","@id":"https:\/\/nszzfipw.slask.pl\/?page_id=19","url":"https:\/\/nszzfipw.slask.pl\/?page_id=19","name":"Zarz\u0105d Okr\u0119gowy - NSZZ FiPW","isPartOf":{"@id":"https:\/\/nszzfipw.slask.pl\/#website"},"datePublished":"2019-01-04T05:52:04+00:00","dateModified":"2020-09-16T04:27:52+00:00","breadcrumb":{"@id":"https:\/\/nszzfipw.slask.pl\/?page_id=19#breadcrumb"},"inLanguage":"pl-PL","potentialAction":[{"@type":"ReadAction","target":["https:\/\/nszzfipw.slask.pl\/?page_id=19"]}]},{"@type":"BreadcrumbList","@id":"https:\/\/nszzfipw.slask.pl\/?page_id=19#breadcrumb","itemListElement":[{"@type":"ListItem","position":1,"name":"Strona g\u0142\u00f3wna","item":"https:\/\/nszzfipw.slask.pl\/"},{"@type":"ListItem","position":2,"name":"Zarz\u0105d Okr\u0119gowy"}]},{"@type":"WebSite","@id":"https:\/\/nszzfipw.slask.pl\/#website","url":"https:\/\/nszzfipw.slask.pl\/","name":"NSZZ FiPW","description":"Zarz\u0105d Okr\u0119gowy w Katowicach","publisher":{"@id":"https:\/\/nszzfipw.slask.pl\/#organization"},"potentialAction":[{"@type":"SearchAction","target":{"@type":"EntryPoint","urlTemplate":"https:\/\/nszzfipw.slask.pl\/?s={search_term_string}"},"query-input":"required name=search_term_string"}],"inLanguage":"pl-PL"},{"@type":"Organization","@id":"https:\/\/nszzfipw.slask.pl\/#organization","name":"NSZZ FiPW ZO Katowice","url":"https:\/\/nszzfipw.slask.pl\/","logo":{"@type":"ImageObject","inLanguage":"pl-PL","@id":"https:\/\/nszzfipw.slask.pl\/#\/schema\/logo\/image\/","url":"http:\/\/nszzfipw.slask.pl\/wp-content\/uploads\/2019\/01\/logo.jpg","contentUrl":"http:\/\/nszzfipw.slask.pl\/wp-content\/uploads\/2019\/01\/logo.jpg","width":888,"height":728,"caption":"NSZZ FiPW ZO Katowice"},"image":{"@id":"https:\/\/nszzfipw.slask.pl\/#\/schema\/logo\/image\/"}}]}},"_links":{"self":[{"href":"https:\/\/nszzfipw.slask.pl\/index.php?rest_route=\/wp\/v2\/pages\/19"}],"collection":[{"href":"https:\/\/nszzfipw.slask.pl\/index.php?rest_route=\/wp\/v2\/pages"}],"about":[{"href":"https:\/\/nszzfipw.slask.pl\/index.php?rest_route=\/wp\/v2\/types\/page"}],"author":[{"embeddable":true,"href":"https:\/\/nszzfipw.slask.pl\/index.php?rest_route=\/wp\/v2\/users\/1"}],"replies":[{"embeddable":true,"href":"https:\/\/nszzfipw.slask.pl\/index.php?rest_route=%2Fwp%2Fv2%2Fcomments&post=19"}],"version-history":[{"count":8,"href":"https:\/\/nszzfipw.slask.pl\/index.php?rest_route=\/wp\/v2\/pages\/19\/revisions"}],"predecessor-version":[{"id":400,"href":"https:\/\/nszzfipw.slask.pl\/index.php?rest_route=\/wp\/v2\/pages\/19\/revisions\/400"}],"wp:attachment":[{"href":"https:\/\/nszzfipw.slask.pl\/index.php?rest_route=%2Fwp%2Fv2%2Fmedia&parent=19"}],"curies":[{"name":"wp","href":"https:\/\/api.w.org\/{rel}","templated":true}]}}